{"id":141,"date":"2022-08-08T23:46:09","date_gmt":"2022-08-08T21:46:09","guid":{"rendered":"http:\/\/rallyes.cluster030.hosting.ovh.net\/pd15880-ovh\/?page_id=141"},"modified":"2022-10-23T01:31:30","modified_gmt":"2022-10-22T23:31:30","slug":"team-assistance","status":"publish","type":"page","link":"https:\/\/www.rallye.re\/index.php\/team-assistance\/","title":{"rendered":"Team Assistance"},"content":{"rendered":"\n<p><\/p>\n\n\n\n<p>GARDEN AUTO SPORT REUNION \/ NAZE CAR \/ TOP AUTO<\/p>\n\n\n\n<ul class=\"wp-block-list\"><li>Manu Naze<\/li><li>Eric Gardenat<\/li><li>Fred M\u00e9ca Dom<\/li><li>Etienne Mussard<\/li><li>Alain Vitry<\/li><li>Audrey Vitry<\/li><li>Patrick Astik<\/li><li>Vincent Traiteur<\/li><li>Bertrand Renneville<\/li><li>Fabrice Renneville<\/li><li>C\u00e9dric Renneville<\/li><li>St\u00e9phanie Renneville<\/li><li>St\u00e9phanie Bigot<\/li><li>Nathy Redfish<\/li><li>Emilie Babef<\/li><li>Eric Nativel<\/li><li>Hans Ren\u00e9<\/li><li>Jeannick Gardenat<\/li><li>C\u00e9dric Maillot<\/li><li>Bryan Moussa<\/li><li>Lina Hurot<\/li><li>Laurent Maraaly<\/li><li>Damien Collet<\/li><li>Emmanuelle Grondin<\/li><li>Davy Fruteau de Laclos<\/li><li>Marie Nad\u00e8ge Huet<\/li><li>Fabien Fontaine<\/li><li>St\u00e9phane Duverger<\/li><\/ul>\n\n\n\n<figure class=\"wp-block-image size-large\"><img loading=\"lazy\" decoding=\"async\" width=\"1024\" height=\"1024\" src=\"https:\/\/www.rallye.re\/wp-content\/uploads\/2022\/10\/TOP-AUTO-STAFF-04-1024x1024.jpg\" alt=\"\" class=\"wp-image-229\" srcset=\"https:\/\/www.rallye.re\/wp-content\/uploads\/2022\/10\/TOP-AUTO-STAFF-04-1024x1024.jpg 1024w, https:\/\/www.rallye.re\/wp-content\/uploads\/2022\/10\/TOP-AUTO-STAFF-04-300x300.jpg 300w, https:\/\/www.rallye.re\/wp-content\/uploads\/2022\/10\/TOP-AUTO-STAFF-04-150x150.jpg 150w, https:\/\/www.rallye.re\/wp-content\/uploads\/2022\/10\/TOP-AUTO-STAFF-04-768x768.jpg 768w, https:\/\/www.rallye.re\/wp-content\/uploads\/2022\/10\/TOP-AUTO-STAFF-04-1536x1536.jpg 1536w, https:\/\/www.rallye.re\/wp-content\/uploads\/2022\/10\/TOP-AUTO-STAFF-04-100x100.jpg 100w, https:\/\/www.rallye.re\/wp-content\/uploads\/2022\/10\/TOP-AUTO-STAFF-04.jpg 2000w\" sizes=\"auto, (max-width: 767px) 89vw, (max-width: 1000px) 54vw, (max-width: 1071px) 543px, 580px\" \/><\/figure>\n\n\n\n<figure class=\"wp-block-image size-large\"><img loading=\"lazy\" decoding=\"async\" width=\"1024\" height=\"1024\" src=\"https:\/\/www.rallye.re\/wp-content\/uploads\/2022\/10\/TOP-AUTO-STAFF-01-1024x1024.jpg\" alt=\"\" class=\"wp-image-226\" srcset=\"https:\/\/www.rallye.re\/wp-content\/uploads\/2022\/10\/TOP-AUTO-STAFF-01-1024x1024.jpg 1024w, https:\/\/www.rallye.re\/wp-content\/uploads\/2022\/10\/TOP-AUTO-STAFF-01-300x300.jpg 300w, https:\/\/www.rallye.re\/wp-content\/uploads\/2022\/10\/TOP-AUTO-STAFF-01-150x150.jpg 150w, https:\/\/www.rallye.re\/wp-content\/uploads\/2022\/10\/TOP-AUTO-STAFF-01-768x768.jpg 768w, https:\/\/www.rallye.re\/wp-content\/uploads\/2022\/10\/TOP-AUTO-STAFF-01-1536x1536.jpg 1536w, https:\/\/www.rallye.re\/wp-content\/uploads\/2022\/10\/TOP-AUTO-STAFF-01-100x100.jpg 100w, https:\/\/www.rallye.re\/wp-content\/uploads\/2022\/10\/TOP-AUTO-STAFF-01.jpg 2000w\" sizes=\"auto, (max-width: 767px) 89vw, (max-width: 1000px) 54vw, (max-width: 1071px) 543px, 580px\" \/><\/figure>\n\n\n\n<figure class=\"wp-block-image size-large\"><img loading=\"lazy\" decoding=\"async\" width=\"1024\" height=\"1024\" src=\"https:\/\/www.rallye.re\/wp-content\/uploads\/2022\/10\/TOP-AUTO-STAFF-02-1024x1024.jpg\" alt=\"\" class=\"wp-image-227\" srcset=\"https:\/\/www.rallye.re\/wp-content\/uploads\/2022\/10\/TOP-AUTO-STAFF-02-1024x1024.jpg 1024w, https:\/\/www.rallye.re\/wp-content\/uploads\/2022\/10\/TOP-AUTO-STAFF-02-300x300.jpg 300w, https:\/\/www.rallye.re\/wp-content\/uploads\/2022\/10\/TOP-AUTO-STAFF-02-150x150.jpg 150w, https:\/\/www.rallye.re\/wp-content\/uploads\/2022\/10\/TOP-AUTO-STAFF-02-768x768.jpg 768w, https:\/\/www.rallye.re\/wp-content\/uploads\/2022\/10\/TOP-AUTO-STAFF-02-1536x1536.jpg 1536w, https:\/\/www.rallye.re\/wp-content\/uploads\/2022\/10\/TOP-AUTO-STAFF-02-100x100.jpg 100w, https:\/\/www.rallye.re\/wp-content\/uploads\/2022\/10\/TOP-AUTO-STAFF-02.jpg 2000w\" sizes=\"auto, (max-width: 767px) 89vw, (max-width: 1000px) 54vw, (max-width: 1071px) 543px, 580px\" \/><\/figure>\n\n\n\n<figure class=\"wp-block-image size-large\"><img loading=\"lazy\" decoding=\"async\" width=\"1024\" height=\"1024\" src=\"https:\/\/www.rallye.re\/wp-content\/uploads\/2022\/10\/TOP-AUTO-STAFF-03-1024x1024.jpg\" alt=\"\" class=\"wp-image-228\" srcset=\"https:\/\/www.rallye.re\/wp-content\/uploads\/2022\/10\/TOP-AUTO-STAFF-03-1024x1024.jpg 1024w, https:\/\/www.rallye.re\/wp-content\/uploads\/2022\/10\/TOP-AUTO-STAFF-03-300x300.jpg 300w, https:\/\/www.rallye.re\/wp-content\/uploads\/2022\/10\/TOP-AUTO-STAFF-03-150x150.jpg 150w, https:\/\/www.rallye.re\/wp-content\/uploads\/2022\/10\/TOP-AUTO-STAFF-03-768x768.jpg 768w, https:\/\/www.rallye.re\/wp-content\/uploads\/2022\/10\/TOP-AUTO-STAFF-03-1536x1536.jpg 1536w, https:\/\/www.rallye.re\/wp-content\/uploads\/2022\/10\/TOP-AUTO-STAFF-03-100x100.jpg 100w, https:\/\/www.rallye.re\/wp-content\/uploads\/2022\/10\/TOP-AUTO-STAFF-03.jpg 2000w\" sizes=\"auto, (max-width: 767px) 89vw, (max-width: 1000px) 54vw, (max-width: 1071px) 543px, 580px\" \/><\/figure>\n\n\n\n<figure class=\"wp-block-image size-large\"><img loading=\"lazy\" decoding=\"async\" width=\"1024\" height=\"1024\" src=\"https:\/\/www.rallye.re\/wp-content\/uploads\/2022\/10\/TOP-AUTO-STAFF-05-1024x1024.jpg\" alt=\"\" class=\"wp-image-230\" srcset=\"https:\/\/www.rallye.re\/wp-content\/uploads\/2022\/10\/TOP-AUTO-STAFF-05-1024x1024.jpg 1024w, https:\/\/www.rallye.re\/wp-content\/uploads\/2022\/10\/TOP-AUTO-STAFF-05-300x300.jpg 300w, https:\/\/www.rallye.re\/wp-content\/uploads\/2022\/10\/TOP-AUTO-STAFF-05-150x150.jpg 150w, https:\/\/www.rallye.re\/wp-content\/uploads\/2022\/10\/TOP-AUTO-STAFF-05-768x768.jpg 768w, https:\/\/www.rallye.re\/wp-content\/uploads\/2022\/10\/TOP-AUTO-STAFF-05-1536x1536.jpg 1536w, https:\/\/www.rallye.re\/wp-content\/uploads\/2022\/10\/TOP-AUTO-STAFF-05-100x100.jpg 100w, https:\/\/www.rallye.re\/wp-content\/uploads\/2022\/10\/TOP-AUTO-STAFF-05.jpg 2000w\" sizes=\"auto, (max-width: 767px) 89vw, (max-width: 1000px) 54vw, (max-width: 1071px) 543px, 580px\" \/><\/figure>\n","protected":false},"excerpt":{"rendered":"<p>GARDEN AUTO SPORT REUNION \/ NAZE CAR \/ TOP AUTO Manu Naze Eric Gardenat Fred M\u00e9ca Dom Etienne Mussard Alain Vitry Audrey Vitry Patrick Astik Vincent Traiteur Bertrand Renneville Fabrice Renneville C\u00e9dric Renneville St\u00e9phanie Renneville St\u00e9phanie Bigot Nathy Redfish Emilie Babef Eric Nativel Hans Ren\u00e9 Jeannick Gardenat C\u00e9dric Maillot Bryan Moussa Lina Hurot Laurent Maraaly &hellip; <\/p>\n<p class=\"link-more\"><a href=\"https:\/\/www.rallye.re\/index.php\/team-assistance\/\" class=\"more-link\">Continuer la lecture<span class=\"screen-reader-text\"> de &laquo;&nbsp;Team Assistance&nbsp;&raquo;<\/span><\/a><\/p>\n","protected":false},"author":1,"featured_media":0,"parent":0,"menu_order":0,"comment_status":"closed","ping_status":"closed","template":"","meta":{"footnotes":""},"class_list":["post-141","page","type-page","status-publish","hentry"],"_links":{"self":[{"href":"https:\/\/www.rallye.re\/index.php\/wp-json\/wp\/v2\/pages\/141","targetHints":{"allow":["GET"]}}],"collection":[{"href":"https:\/\/www.rallye.re\/index.php\/wp-json\/wp\/v2\/pages"}],"about":[{"href":"https:\/\/www.rallye.re\/index.php\/wp-json\/wp\/v2\/types\/page"}],"author":[{"embeddable":true,"href":"https:\/\/www.rallye.re\/index.php\/wp-json\/wp\/v2\/users\/1"}],"replies":[{"embeddable":true,"href":"https:\/\/www.rallye.re\/index.php\/wp-json\/wp\/v2\/comments?post=141"}],"version-history":[{"count":6,"href":"https:\/\/www.rallye.re\/index.php\/wp-json\/wp\/v2\/pages\/141\/revisions"}],"predecessor-version":[{"id":231,"href":"https:\/\/www.rallye.re\/index.php\/wp-json\/wp\/v2\/pages\/141\/revisions\/231"}],"wp:attachment":[{"href":"https:\/\/www.rallye.re\/index.php\/wp-json\/wp\/v2\/media?parent=141"}],"curies":[{"name":"wp","href":"https:\/\/api.w.org\/{rel}","templated":true}]}}