{"id":142,"date":"2022-08-08T23:46:09","date_gmt":"2022-08-08T21:46:09","guid":{"rendered":"http:\/\/rallyes.cluster030.hosting.ovh.net\/pd15880-ovh\/?page_id=142"},"modified":"2022-10-23T01:37:29","modified_gmt":"2022-10-22T23:37:29","slug":"medias","status":"publish","type":"page","link":"https:\/\/www.rallye.re\/index.php\/medias\/","title":{"rendered":"M\u00e9dias"},"content":{"rendered":"\n<figure class=\"wp-block-gallery has-nested-images columns-default is-cropped wp-block-gallery-1 is-layout-flex wp-block-gallery-is-layout-flex\">\n<figure class=\"wp-block-image size-large\"><img loading=\"lazy\" decoding=\"async\" width=\"986\" height=\"1024\" data-id=\"211\" src=\"http:\/\/www.rallye.re\/wp-content\/uploads\/2022\/10\/la-premiere-radio-ok-986x1024.png\" alt=\"\" class=\"wp-image-211\" srcset=\"https:\/\/www.rallye.re\/wp-content\/uploads\/2022\/10\/la-premiere-radio-ok-986x1024.png 986w, https:\/\/www.rallye.re\/wp-content\/uploads\/2022\/10\/la-premiere-radio-ok-289x300.png 289w, https:\/\/www.rallye.re\/wp-content\/uploads\/2022\/10\/la-premiere-radio-ok-768x797.png 768w, https:\/\/www.rallye.re\/wp-content\/uploads\/2022\/10\/la-premiere-radio-ok.png 1125w\" sizes=\"auto, (max-width: 767px) 89vw, (max-width: 1000px) 54vw, (max-width: 1071px) 543px, 580px\" \/><\/figure>\n<\/figure>\n\n\n\n<p>\u00e9couter et suivre les rallyes de la R\u00e9union<\/p>\n\n\n\n<p>RER : RADIO EST REUNION <\/p>\n\n\n\n<figure class=\"wp-block-image size-full\"><img loading=\"lazy\" decoding=\"async\" width=\"681\" height=\"341\" src=\"http:\/\/www.rallye.re\/wp-content\/uploads\/2022\/08\/rer.jpeg\" alt=\"\" class=\"wp-image-170\" srcset=\"https:\/\/www.rallye.re\/wp-content\/uploads\/2022\/08\/rer.jpeg 681w, https:\/\/www.rallye.re\/wp-content\/uploads\/2022\/08\/rer-300x150.jpeg 300w\" sizes=\"auto, (max-width: 681px) 100vw, 681px\" \/><\/figure>\n\n\n\n<pre class=\"wp-block-code\"><code><\/code><\/pre>\n\n\n\n<p><\/p>\n\n\n\n<p>Rallye la 1\u00e8re<\/p>\n\n\n\n<p>Zinfos974.re<\/p>\n\n\n\n<p>Antenne R\u00e9union<\/p>\n\n\n\n<p>L&rsquo;info.re<\/p>\n\n\n\n<p>Freedom<\/p>\n\n\n\n<p>Clicanoo.re<\/p>\n\n\n\n<p>Quotidien.re<\/p>\n\n\n\n<p><br>Rallye l\u00e9 bel<\/p>\n\n\n\n<p>Autorun<\/p>\n\n\n\n<p>Confession Sportive<\/p>\n\n\n\n<p>Break Sport tv<br><br>Lsar.re<\/p>\n\n\n\n<p>Asareunion.re<\/p>\n\n\n\n<p>Tour Auto Rallye FB<\/p>\n\n\n\n<p>Exclusif.re<\/p>\n\n\n\n<p>rallye.re<br><\/p>\n\n\n\n<p><\/p>\n\n\n\n<p><\/p>\n\n\n","protected":false},"excerpt":{"rendered":"<p>\u00e9couter et suivre les rallyes de la R\u00e9union RER : RADIO EST REUNION Rallye la 1\u00e8re Zinfos974.re Antenne R\u00e9union L&rsquo;info.re Freedom Clicanoo.re Quotidien.re Rallye l\u00e9 bel Autorun Confession Sportive Break Sport tv Lsar.re Asareunion.re Tour Auto Rallye FB Exclusif.re rallye.re<\/p>\n","protected":false},"author":1,"featured_media":0,"parent":0,"menu_order":0,"comment_status":"closed","ping_status":"closed","template":"","meta":{"footnotes":""},"class_list":["post-142","page","type-page","status-publish","hentry"],"_links":{"self":[{"href":"https:\/\/www.rallye.re\/index.php\/wp-json\/wp\/v2\/pages\/142","targetHints":{"allow":["GET"]}}],"collection":[{"href":"https:\/\/www.rallye.re\/index.php\/wp-json\/wp\/v2\/pages"}],"about":[{"href":"https:\/\/www.rallye.re\/index.php\/wp-json\/wp\/v2\/types\/page"}],"author":[{"embeddable":true,"href":"https:\/\/www.rallye.re\/index.php\/wp-json\/wp\/v2\/users\/1"}],"replies":[{"embeddable":true,"href":"https:\/\/www.rallye.re\/index.php\/wp-json\/wp\/v2\/comments?post=142"}],"version-history":[{"count":6,"href":"https:\/\/www.rallye.re\/index.php\/wp-json\/wp\/v2\/pages\/142\/revisions"}],"predecessor-version":[{"id":241,"href":"https:\/\/www.rallye.re\/index.php\/wp-json\/wp\/v2\/pages\/142\/revisions\/241"}],"wp:attachment":[{"href":"https:\/\/www.rallye.re\/index.php\/wp-json\/wp\/v2\/media?parent=142"}],"curies":[{"name":"wp","href":"https:\/\/api.w.org\/{rel}","templated":true}]}}