{"id":144,"date":"2022-08-08T23:46:09","date_gmt":"2022-08-08T21:46:09","guid":{"rendered":"http:\/\/rallyes.cluster030.hosting.ovh.net\/pd15880-ovh\/?page_id=144"},"modified":"2022-09-25T22:50:00","modified_gmt":"2022-09-25T20:50:00","slug":"contact-2","status":"publish","type":"page","link":"https:\/\/www.rallye.re\/index.php\/contact-2\/","title":{"rendered":"Contact"},"content":{"rendered":"\n<p>vous souhaitez communiquer ou devenir sponsor ?<br><br>contactez nous par t\u00e9l\u00e9phone au 06 92 75 63 68 ou mail \u00e0 pub(@)topautocompetition.com<\/p>\n\n\n\n<p><\/p>\n\n\n\n<p>pour toutes autres demandes contactez nous par mail \u00e0 contact(@)rallye.re<\/p>\n\n\n\n<p><\/p>\n\n\n\n<p>www.rallye.re<\/p>\n","protected":false},"excerpt":{"rendered":"<p>vous souhaitez communiquer ou devenir sponsor ? contactez nous par t\u00e9l\u00e9phone au 06 92 75 63 68 ou mail \u00e0 pub(@)topautocompetition.com pour toutes autres demandes contactez nous par mail \u00e0 contact(@)rallye.re www.rallye.re<\/p>\n","protected":false},"author":1,"featured_media":0,"parent":0,"menu_order":0,"comment_status":"closed","ping_status":"closed","template":"","meta":{"footnotes":""},"class_list":["post-144","page","type-page","status-publish","hentry"],"_links":{"self":[{"href":"https:\/\/www.rallye.re\/index.php\/wp-json\/wp\/v2\/pages\/144","targetHints":{"allow":["GET"]}}],"collection":[{"href":"https:\/\/www.rallye.re\/index.php\/wp-json\/wp\/v2\/pages"}],"about":[{"href":"https:\/\/www.rallye.re\/index.php\/wp-json\/wp\/v2\/types\/page"}],"author":[{"embeddable":true,"href":"https:\/\/www.rallye.re\/index.php\/wp-json\/wp\/v2\/users\/1"}],"replies":[{"embeddable":true,"href":"https:\/\/www.rallye.re\/index.php\/wp-json\/wp\/v2\/comments?post=144"}],"version-history":[{"count":2,"href":"https:\/\/www.rallye.re\/index.php\/wp-json\/wp\/v2\/pages\/144\/revisions"}],"predecessor-version":[{"id":182,"href":"https:\/\/www.rallye.re\/index.php\/wp-json\/wp\/v2\/pages\/144\/revisions\/182"}],"wp:attachment":[{"href":"https:\/\/www.rallye.re\/index.php\/wp-json\/wp\/v2\/media?parent=144"}],"curies":[{"name":"wp","href":"https:\/\/api.w.org\/{rel}","templated":true}]}}